{"id":1105,"date":"2025-08-08T17:59:16","date_gmt":"2025-08-08T17:59:16","guid":{"rendered":"https:\/\/farmaliquidos.com\/?post_type=product&#038;p=1105"},"modified":"2025-10-02T23:04:58","modified_gmt":"2025-10-02T23:04:58","slug":"lactato-ringer","status":"publish","type":"product","link":"https:\/\/farmaliquidos.com\/en\/product\/lactato-ringer\/","title":{"rendered":"Ringer&#039;s lactate"},"content":{"rendered":"<p>Ringer&#039;s Lactate is a sterile injectable solution used for intravenous infusion or irrigation, designed to restore fluid and electrolyte balance in the body. Its composition includes sodium, potassium, calcium, chloride, and lactate, helping to correct fluid and electrolyte imbalances in various clinical situations, such as dehydration, losses due to burns, or surgery. It must be administered under medical supervision, ensuring compatibility with other medications and following strict aseptic conditions.<\/p>","protected":false},"excerpt":{"rendered":"<p>Lactato de Ringer est\u00e9ril para uso intravenoso o en irrigaci\u00f3n, indicado para reponer l\u00edquidos y electrolitos.<\/p>","protected":false},"featured_media":1626,"comment_status":"open","ping_status":"closed","template":"","meta":[],"product_brand":[],"product_cat":[25],"product_tag":[],"class_list":{"0":"post-1105","1":"product","2":"type-product","3":"status-publish","4":"has-post-thumbnail","6":"product_cat-soluciones-parenterales","8":"first","9":"instock","10":"shipping-taxable","11":"product-type-simple"},"_links":{"self":[{"href":"https:\/\/farmaliquidos.com\/en\/wp-json\/wp\/v2\/product\/1105","targetHints":{"allow":["GET"]}}],"collection":[{"href":"https:\/\/farmaliquidos.com\/en\/wp-json\/wp\/v2\/product"}],"about":[{"href":"https:\/\/farmaliquidos.com\/en\/wp-json\/wp\/v2\/types\/product"}],"replies":[{"embeddable":true,"href":"https:\/\/farmaliquidos.com\/en\/wp-json\/wp\/v2\/comments?post=1105"}],"wp:featuredmedia":[{"embeddable":true,"href":"https:\/\/farmaliquidos.com\/en\/wp-json\/wp\/v2\/media\/1626"}],"wp:attachment":[{"href":"https:\/\/farmaliquidos.com\/en\/wp-json\/wp\/v2\/media?parent=1105"}],"wp:term":[{"taxonomy":"product_brand","embeddable":true,"href":"https:\/\/farmaliquidos.com\/en\/wp-json\/wp\/v2\/product_brand?post=1105"},{"taxonomy":"product_cat","embeddable":true,"href":"https:\/\/farmaliquidos.com\/en\/wp-json\/wp\/v2\/product_cat?post=1105"},{"taxonomy":"product_tag","embeddable":true,"href":"https:\/\/farmaliquidos.com\/en\/wp-json\/wp\/v2\/product_tag?post=1105"}],"curies":[{"name":"wp","href":"https:\/\/api.w.org\/{rel}","templated":true}]}}