{"id":1104,"date":"2025-08-08T17:49:56","date_gmt":"2025-08-08T17:49:56","guid":{"rendered":"https:\/\/farmaliquidos.com\/?post_type=product&#038;p=1104"},"modified":"2025-10-02T23:00:36","modified_gmt":"2025-10-02T23:00:36","slug":"dextrosa-al-5-y-cloruro-de-sodio-al-09","status":"publish","type":"product","link":"https:\/\/farmaliquidos.com\/en\/product\/dextrosa-al-5-y-cloruro-de-sodio-al-09\/","title":{"rendered":"Dextrose 5% and sodium chloride 0.9"},"content":{"rendered":"<p>Dextrose 5% with Sodium Chloride 0.9% is a sterile injectable solution indicated for intravenous administration. It combines the caloric intake of dextrose with the replacement of essential electrolytes such as sodium and chloride. It is used in medical treatments that require hydration, maintenance of electrolyte balance, and rapid energy supply, especially in patients with special fluid needs. It should be used under medical prescription and supervision, with caution in cases of diabetes, heart, kidney, or lung conditions.<\/p>","protected":false},"excerpt":{"rendered":"<p>Soluci\u00f3n est\u00e9ril de Dextrosa al 5% y Cloruro de Sodio al 0,9%, utilizada para aporte energ\u00e9tico y reposici\u00f3n de electrolitos v\u00eda intravenosa.<\/p>","protected":false},"featured_media":1624,"comment_status":"open","ping_status":"closed","template":"","meta":[],"product_brand":[],"product_cat":[25],"product_tag":[],"class_list":{"0":"post-1104","1":"product","2":"type-product","3":"status-publish","4":"has-post-thumbnail","6":"product_cat-soluciones-parenterales","8":"first","9":"instock","10":"shipping-taxable","11":"product-type-simple"},"_links":{"self":[{"href":"https:\/\/farmaliquidos.com\/en\/wp-json\/wp\/v2\/product\/1104","targetHints":{"allow":["GET"]}}],"collection":[{"href":"https:\/\/farmaliquidos.com\/en\/wp-json\/wp\/v2\/product"}],"about":[{"href":"https:\/\/farmaliquidos.com\/en\/wp-json\/wp\/v2\/types\/product"}],"replies":[{"embeddable":true,"href":"https:\/\/farmaliquidos.com\/en\/wp-json\/wp\/v2\/comments?post=1104"}],"wp:featuredmedia":[{"embeddable":true,"href":"https:\/\/farmaliquidos.com\/en\/wp-json\/wp\/v2\/media\/1624"}],"wp:attachment":[{"href":"https:\/\/farmaliquidos.com\/en\/wp-json\/wp\/v2\/media?parent=1104"}],"wp:term":[{"taxonomy":"product_brand","embeddable":true,"href":"https:\/\/farmaliquidos.com\/en\/wp-json\/wp\/v2\/product_brand?post=1104"},{"taxonomy":"product_cat","embeddable":true,"href":"https:\/\/farmaliquidos.com\/en\/wp-json\/wp\/v2\/product_cat?post=1104"},{"taxonomy":"product_tag","embeddable":true,"href":"https:\/\/farmaliquidos.com\/en\/wp-json\/wp\/v2\/product_tag?post=1104"}],"curies":[{"name":"wp","href":"https:\/\/api.w.org\/{rel}","templated":true}]}}