{"id":1103,"date":"2025-08-08T17:47:25","date_gmt":"2025-08-08T17:47:25","guid":{"rendered":"https:\/\/farmaliquidos.com\/?post_type=product&#038;p=1103"},"modified":"2025-10-02T22:52:17","modified_gmt":"2025-10-02T22:52:17","slug":"agua-esteril","status":"publish","type":"product","link":"https:\/\/farmaliquidos.com\/en\/product\/agua-esteril\/","title":{"rendered":"Sterile water"},"content":{"rendered":"<p>Sterile Water for Injection is an impurity-free injectable solution indicated for parenteral or irrigation use. It is used as a vehicle or diluent for medications, facilitating their safe administration. It must be used under strict aseptic conditions, ensuring compatibility with the drugs being used. It is neither isotonic nor hemolytic, and it is recommended to keep it sealed until the moment of use, always under medical supervision.<\/p>","protected":false},"excerpt":{"rendered":"<p>Soluci\u00f3n para inyecci\u00f3n, utilizada como veh\u00edculo o diluyente en preparaciones m\u00e9dicas bajo control profesional.<\/p>","protected":false},"featured_media":1620,"comment_status":"open","ping_status":"closed","template":"","meta":[],"product_brand":[],"product_cat":[25],"product_tag":[],"class_list":{"0":"post-1103","1":"product","2":"type-product","3":"status-publish","4":"has-post-thumbnail","6":"product_cat-soluciones-parenterales","8":"first","9":"instock","10":"shipping-taxable","11":"product-type-simple"},"_links":{"self":[{"href":"https:\/\/farmaliquidos.com\/en\/wp-json\/wp\/v2\/product\/1103","targetHints":{"allow":["GET"]}}],"collection":[{"href":"https:\/\/farmaliquidos.com\/en\/wp-json\/wp\/v2\/product"}],"about":[{"href":"https:\/\/farmaliquidos.com\/en\/wp-json\/wp\/v2\/types\/product"}],"replies":[{"embeddable":true,"href":"https:\/\/farmaliquidos.com\/en\/wp-json\/wp\/v2\/comments?post=1103"}],"wp:featuredmedia":[{"embeddable":true,"href":"https:\/\/farmaliquidos.com\/en\/wp-json\/wp\/v2\/media\/1620"}],"wp:attachment":[{"href":"https:\/\/farmaliquidos.com\/en\/wp-json\/wp\/v2\/media?parent=1103"}],"wp:term":[{"taxonomy":"product_brand","embeddable":true,"href":"https:\/\/farmaliquidos.com\/en\/wp-json\/wp\/v2\/product_brand?post=1103"},{"taxonomy":"product_cat","embeddable":true,"href":"https:\/\/farmaliquidos.com\/en\/wp-json\/wp\/v2\/product_cat?post=1103"},{"taxonomy":"product_tag","embeddable":true,"href":"https:\/\/farmaliquidos.com\/en\/wp-json\/wp\/v2\/product_tag?post=1103"}],"curies":[{"name":"wp","href":"https:\/\/api.w.org\/{rel}","templated":true}]}}