{"id":1102,"date":"2025-08-08T17:42:34","date_gmt":"2025-08-08T17:42:34","guid":{"rendered":"https:\/\/farmaliquidos.com\/?post_type=product&#038;p=1102"},"modified":"2025-10-03T03:27:38","modified_gmt":"2025-10-03T03:27:38","slug":"dextrosa","status":"publish","type":"product","link":"https:\/\/farmaliquidos.com\/en\/product\/dextrosa\/","title":{"rendered":"Dextrose 10%"},"content":{"rendered":"<p>Dextrose 10% is a sterile injectable solution indicated for intravenous administration, used to provide rapid energy and help maintain the body&#039;s fluid balance. It is especially useful in medical treatments requiring immediate caloric intake or fluid replacement, always under professional prescription and supervision, with caution in diabetic patients.<\/p>","protected":false},"excerpt":{"rendered":"<p>Soluci\u00f3n al 5% est\u00e9ril para infusi\u00f3n intravenosa, utilizada para aportar energ\u00eda y mantener el equilibrio de l\u00edquidos en el organismo.<\/p>","protected":false},"featured_media":1622,"comment_status":"open","ping_status":"closed","template":"","meta":[],"product_brand":[],"product_cat":[25],"product_tag":[],"class_list":{"0":"post-1102","1":"product","2":"type-product","3":"status-publish","4":"has-post-thumbnail","6":"product_cat-soluciones-parenterales","8":"first","9":"instock","10":"shipping-taxable","11":"product-type-simple"},"_links":{"self":[{"href":"https:\/\/farmaliquidos.com\/en\/wp-json\/wp\/v2\/product\/1102","targetHints":{"allow":["GET"]}}],"collection":[{"href":"https:\/\/farmaliquidos.com\/en\/wp-json\/wp\/v2\/product"}],"about":[{"href":"https:\/\/farmaliquidos.com\/en\/wp-json\/wp\/v2\/types\/product"}],"replies":[{"embeddable":true,"href":"https:\/\/farmaliquidos.com\/en\/wp-json\/wp\/v2\/comments?post=1102"}],"wp:featuredmedia":[{"embeddable":true,"href":"https:\/\/farmaliquidos.com\/en\/wp-json\/wp\/v2\/media\/1622"}],"wp:attachment":[{"href":"https:\/\/farmaliquidos.com\/en\/wp-json\/wp\/v2\/media?parent=1102"}],"wp:term":[{"taxonomy":"product_brand","embeddable":true,"href":"https:\/\/farmaliquidos.com\/en\/wp-json\/wp\/v2\/product_brand?post=1102"},{"taxonomy":"product_cat","embeddable":true,"href":"https:\/\/farmaliquidos.com\/en\/wp-json\/wp\/v2\/product_cat?post=1102"},{"taxonomy":"product_tag","embeddable":true,"href":"https:\/\/farmaliquidos.com\/en\/wp-json\/wp\/v2\/product_tag?post=1102"}],"curies":[{"name":"wp","href":"https:\/\/api.w.org\/{rel}","templated":true}]}}