{"id":1052,"date":"2025-08-08T15:03:59","date_gmt":"2025-08-08T15:03:59","guid":{"rendered":"https:\/\/farmaliquidos.com\/?post_type=product&#038;p=1052"},"modified":"2025-10-03T03:21:46","modified_gmt":"2025-10-03T03:21:46","slug":"cloruro-de-sodio","status":"publish","type":"product","link":"https:\/\/farmaliquidos.com\/en\/product\/cloruro-de-sodio\/","title":{"rendered":"Sodium chloride 0.9% injectable solution"},"content":{"rendered":"<p>Sodium Chloride 0.9% is a sterile injectable solution used for intravenous infusion and medical irrigation. It provides essential electrolytes and is used under prescription to maintain fluid and salt balance in the body.<\/p>","protected":false},"excerpt":{"rendered":"<p>Soluci\u00f3n est\u00e9ril para uso intravenoso o irrigaci\u00f3n, ayuda a mantener el equilibrio de l\u00edquidos y electrolitos.<\/p>","protected":false},"featured_media":1619,"comment_status":"open","ping_status":"closed","template":"","meta":[],"product_brand":[],"product_cat":[25],"product_tag":[],"class_list":{"0":"post-1052","1":"product","2":"type-product","3":"status-publish","4":"has-post-thumbnail","6":"product_cat-soluciones-parenterales","8":"first","9":"instock","10":"featured","11":"shipping-taxable","12":"product-type-simple"},"_links":{"self":[{"href":"https:\/\/farmaliquidos.com\/en\/wp-json\/wp\/v2\/product\/1052","targetHints":{"allow":["GET"]}}],"collection":[{"href":"https:\/\/farmaliquidos.com\/en\/wp-json\/wp\/v2\/product"}],"about":[{"href":"https:\/\/farmaliquidos.com\/en\/wp-json\/wp\/v2\/types\/product"}],"replies":[{"embeddable":true,"href":"https:\/\/farmaliquidos.com\/en\/wp-json\/wp\/v2\/comments?post=1052"}],"wp:featuredmedia":[{"embeddable":true,"href":"https:\/\/farmaliquidos.com\/en\/wp-json\/wp\/v2\/media\/1619"}],"wp:attachment":[{"href":"https:\/\/farmaliquidos.com\/en\/wp-json\/wp\/v2\/media?parent=1052"}],"wp:term":[{"taxonomy":"product_brand","embeddable":true,"href":"https:\/\/farmaliquidos.com\/en\/wp-json\/wp\/v2\/product_brand?post=1052"},{"taxonomy":"product_cat","embeddable":true,"href":"https:\/\/farmaliquidos.com\/en\/wp-json\/wp\/v2\/product_cat?post=1052"},{"taxonomy":"product_tag","embeddable":true,"href":"https:\/\/farmaliquidos.com\/en\/wp-json\/wp\/v2\/product_tag?post=1052"}],"curies":[{"name":"wp","href":"https:\/\/api.w.org\/{rel}","templated":true}]}}