{"id":614,"date":"2025-07-31T17:09:40","date_gmt":"2025-07-31T17:09:40","guid":{"rendered":"https:\/\/farmaliquidos.com\/?page_id=614"},"modified":"2025-09-24T18:54:29","modified_gmt":"2025-09-24T18:54:29","slug":"noticias","status":"publish","type":"page","link":"https:\/\/farmaliquidos.com\/en\/noticias\/","title":{"rendered":"News"},"content":{"rendered":"<div data-elementor-type=\"wp-page\" data-elementor-id=\"614\" class=\"elementor elementor-614\" data-elementor-post-type=\"page\">\n\t\t\t\t<div data-particle_enable=\"false\" data-particle-mobile-disabled=\"false\" class=\"elementor-element elementor-element-6a80d63 e-flex e-con-boxed e-con e-parent\" data-id=\"6a80d63\" data-element_type=\"container\" data-settings=\"{&quot;background_background&quot;:&quot;classic&quot;}\">\n\t\t\t\t\t<div class=\"e-con-inner\">\n\t\t<div data-particle_enable=\"false\" data-particle-mobile-disabled=\"false\" class=\"elementor-element elementor-element-49cbcab e-con-full e-flex e-con e-child\" data-id=\"49cbcab\" data-element_type=\"container\">\n\t\t<div data-particle_enable=\"false\" data-particle-mobile-disabled=\"false\" class=\"elementor-element elementor-element-0a81009 e-con-full e-flex e-con e-child\" data-id=\"0a81009\" data-element_type=\"container\">\n\t\t\t\t<div class=\"elementor-element elementor-element-3c1828e elementor-widget elementor-widget-heading\" data-id=\"3c1828e\" data-element_type=\"widget\" data-widget_type=\"heading.default\">\n\t\t\t\t\t<h2 class=\"elementor-heading-title elementor-size-default\">News<\/h2>\t\t\t\t<\/div>\n\t\t\t\t<\/div>\n\t\t\t\t<\/div>\n\t\t\t\t\t<\/div>\n\t\t\t\t<\/div>\n\t\t<div data-particle_enable=\"false\" data-particle-mobile-disabled=\"false\" class=\"elementor-element elementor-element-8583cfb e-flex e-con-boxed e-con e-parent\" data-id=\"8583cfb\" data-element_type=\"container\">\n\t\t\t\t\t<div class=\"e-con-inner\">\n\t\t<div data-particle_enable=\"false\" data-particle-mobile-disabled=\"false\" class=\"elementor-element elementor-element-ddde2aa e-con-full e-flex e-con e-child\" data-id=\"ddde2aa\" data-element_type=\"container\">\n\t\t\t\t<div class=\"elementor-element elementor-element-93c4846 elementor-grid-1 elementor-grid-tablet-2 elementor-grid-mobile-1 elementor-posts--thumbnail-top elementor-widget elementor-widget-posts\" data-id=\"93c4846\" data-element_type=\"widget\" data-settings=\"{&quot;classic_columns&quot;:&quot;1&quot;,&quot;classic_columns_tablet&quot;:&quot;2&quot;,&quot;classic_columns_mobile&quot;:&quot;1&quot;,&quot;classic_row_gap&quot;:{&quot;unit&quot;:&quot;px&quot;,&quot;size&quot;:35,&quot;sizes&quot;:[]},&quot;classic_row_gap_tablet&quot;:{&quot;unit&quot;:&quot;px&quot;,&quot;size&quot;:&quot;&quot;,&quot;sizes&quot;:[]},&quot;classic_row_gap_mobile&quot;:{&quot;unit&quot;:&quot;px&quot;,&quot;size&quot;:&quot;&quot;,&quot;sizes&quot;:[]}}\" data-widget_type=\"posts.classic\">\n\t\t\t\t<div class=\"elementor-widget-container\">\n\t\t\t\t\t\t\t<div class=\"elementor-posts-container elementor-posts elementor-posts--skin-classic elementor-grid\">\n\t\t\t\t<article class=\"elementor-post elementor-grid-item post-1551 post type-post status-publish format-standard has-post-thumbnail hentry category-corporativo\">\n\t\t\t\t<a class=\"elementor-post__thumbnail__link\" href=\"https:\/\/farmaliquidos.com\/en\/farmaliquidos-inicia-una-nueva-era-con-nueva-imagen-corporativa\/\" tabindex=\"-1\" >\n\t\t\t<div class=\"elementor-post__thumbnail\"><img fetchpriority=\"high\" decoding=\"async\" width=\"800\" height=\"533\" src=\"https:\/\/farmaliquidos.com\/wp-content\/uploads\/2025\/10\/DSF7268-1024x682.jpg\" class=\"attachment-large size-large wp-image-1553\" alt=\"\" srcset=\"https:\/\/farmaliquidos.com\/wp-content\/uploads\/2025\/10\/DSF7268-1024x682.jpg 1024w, https:\/\/farmaliquidos.com\/wp-content\/uploads\/2025\/10\/DSF7268-300x200.jpg 300w, https:\/\/farmaliquidos.com\/wp-content\/uploads\/2025\/10\/DSF7268-768x512.jpg 768w, https:\/\/farmaliquidos.com\/wp-content\/uploads\/2025\/10\/DSF7268-1536x1024.jpg 1536w, https:\/\/farmaliquidos.com\/wp-content\/uploads\/2025\/10\/DSF7268-600x400.jpg 600w, https:\/\/farmaliquidos.com\/wp-content\/uploads\/2025\/10\/DSF7268.jpg 2000w\" sizes=\"(max-width: 800px) 100vw, 800px\" \/><\/div>\n\t\t<\/a>\n\t\t\t\t<div class=\"elementor-post__text\">\n\t\t\t\t<h3 class=\"elementor-post__title\">\n\t\t\t<a href=\"https:\/\/farmaliquidos.com\/en\/farmaliquidos-inicia-una-nueva-era-con-nueva-imagen-corporativa\/\" >\n\t\t\t\tFarmal\u00edquidos begins a new era with a new corporate image\t\t\t<\/a>\n\t\t<\/h3>\n\t\t\t\t<div class=\"elementor-post__meta-data\">\n\t\t\t\t\t<span class=\"elementor-post-date\">\n\t\t\tOctober 1, 2025\t\t<\/span>\n\t\t\t\t<span class=\"elementor-post-avatar\">\n\t\t\tNo Comments\t\t<\/span>\n\t\t\t\t<\/div>\n\t\t\t\t<div class=\"elementor-post__excerpt\">\n\t\t\t<p>Farmal\u00edquidos SAS, a pioneer in the manufacture of parenteral solutions in the Caribbean region, announces the beginning of a new phase.<\/p>\n\t\t<\/div>\n\t\t\t\t\t<div class=\"elementor-post__read-more-wrapper\">\n\t\t\n\t\t<a class=\"elementor-post__read-more\" href=\"https:\/\/farmaliquidos.com\/en\/farmaliquidos-inicia-una-nueva-era-con-nueva-imagen-corporativa\/\" aria-label=\"Read more about Farmal\u00edquidos inicia una nueva era con nueva imagen corporativa\" tabindex=\"-1\" >\n\t\t\tSee more\t\t<\/a>\n\n\t\t\t\t\t<\/div>\n\t\t\t\t<\/div>\n\t\t\t\t<\/article>\n\t\t\t\t<article class=\"elementor-post elementor-grid-item post-1548 post type-post status-publish format-standard has-post-thumbnail hentry category-corporativo\">\n\t\t\t\t<a class=\"elementor-post__thumbnail__link\" href=\"https:\/\/farmaliquidos.com\/en\/farmaliquidos-se-une-a-la-fundacion-punto-azul-para-la-gestion-responsable-de-residuos\/\" tabindex=\"-1\" >\n\t\t\t<div class=\"elementor-post__thumbnail\"><img decoding=\"async\" width=\"800\" height=\"724\" src=\"https:\/\/farmaliquidos.com\/wp-content\/uploads\/2025\/10\/Puntoazul-1024x927.jpg\" class=\"attachment-large size-large wp-image-1549\" alt=\"\" srcset=\"https:\/\/farmaliquidos.com\/wp-content\/uploads\/2025\/10\/Puntoazul-1024x927.jpg 1024w, https:\/\/farmaliquidos.com\/wp-content\/uploads\/2025\/10\/Puntoazul-300x272.jpg 300w, https:\/\/farmaliquidos.com\/wp-content\/uploads\/2025\/10\/Puntoazul-768x695.jpg 768w, https:\/\/farmaliquidos.com\/wp-content\/uploads\/2025\/10\/Puntoazul-600x543.jpg 600w, https:\/\/farmaliquidos.com\/wp-content\/uploads\/2025\/10\/Puntoazul.jpg 1057w\" sizes=\"(max-width: 800px) 100vw, 800px\" \/><\/div>\n\t\t<\/a>\n\t\t\t\t<div class=\"elementor-post__text\">\n\t\t\t\t<h3 class=\"elementor-post__title\">\n\t\t\t<a href=\"https:\/\/farmaliquidos.com\/en\/farmaliquidos-se-une-a-la-fundacion-punto-azul-para-la-gestion-responsable-de-residuos\/\" >\n\t\t\t\tFarmal\u00edquidos joins the Punto Azul Foundation for responsible waste management.\t\t\t<\/a>\n\t\t<\/h3>\n\t\t\t\t<div class=\"elementor-post__meta-data\">\n\t\t\t\t\t<span class=\"elementor-post-date\">\n\t\t\tOctober 1, 2025\t\t<\/span>\n\t\t\t\t<span class=\"elementor-post-avatar\">\n\t\t\tNo Comments\t\t<\/span>\n\t\t\t\t<\/div>\n\t\t\t\t<div class=\"elementor-post__excerpt\">\n\t\t\t<p>At Farmal\u00edquidos, we continue to reaffirm our commitment to health, sustainability, and social responsibility. Today we are proud to announce our<\/p>\n\t\t<\/div>\n\t\t\t\t\t<div class=\"elementor-post__read-more-wrapper\">\n\t\t\n\t\t<a class=\"elementor-post__read-more\" href=\"https:\/\/farmaliquidos.com\/en\/farmaliquidos-se-une-a-la-fundacion-punto-azul-para-la-gestion-responsable-de-residuos\/\" aria-label=\"Read more about Farmal\u00edquidos se une a la Fundaci\u00f3n Punto Azul para la gesti\u00f3n responsable de residuos\" tabindex=\"-1\" >\n\t\t\tSee more\t\t<\/a>\n\n\t\t\t\t\t<\/div>\n\t\t\t\t<\/div>\n\t\t\t\t<\/article>\n\t\t\t\t<article class=\"elementor-post elementor-grid-item post-786 post type-post status-publish format-standard has-post-thumbnail hentry category-corporativo\">\n\t\t\t\t<a class=\"elementor-post__thumbnail__link\" href=\"https:\/\/farmaliquidos.com\/en\/recibimos-certificacion-gmpinternacional-por-nuestrasbuenas-practicas-de-manufactura\/\" tabindex=\"-1\" >\n\t\t\t<div class=\"elementor-post__thumbnail\"><img decoding=\"async\" width=\"800\" height=\"600\" src=\"https:\/\/farmaliquidos.com\/wp-content\/uploads\/2025\/07\/Certificacion-1024x768.jpeg\" class=\"attachment-large size-large wp-image-1547\" alt=\"\" srcset=\"https:\/\/farmaliquidos.com\/wp-content\/uploads\/2025\/07\/Certificacion-1024x768.jpeg 1024w, https:\/\/farmaliquidos.com\/wp-content\/uploads\/2025\/07\/Certificacion-300x225.jpeg 300w, https:\/\/farmaliquidos.com\/wp-content\/uploads\/2025\/07\/Certificacion-768x576.jpeg 768w, https:\/\/farmaliquidos.com\/wp-content\/uploads\/2025\/07\/Certificacion-1536x1152.jpeg 1536w, https:\/\/farmaliquidos.com\/wp-content\/uploads\/2025\/07\/Certificacion-600x450.jpeg 600w, https:\/\/farmaliquidos.com\/wp-content\/uploads\/2025\/07\/Certificacion.jpeg 1600w\" sizes=\"(max-width: 800px) 100vw, 800px\" \/><\/div>\n\t\t<\/a>\n\t\t\t\t<div class=\"elementor-post__text\">\n\t\t\t\t<h3 class=\"elementor-post__title\">\n\t\t\t<a href=\"https:\/\/farmaliquidos.com\/en\/recibimos-certificacion-gmpinternacional-por-nuestrasbuenas-practicas-de-manufactura\/\" >\n\t\t\t\tWe received Invima certification for Good Manufacturing Practices\t\t\t<\/a>\n\t\t<\/h3>\n\t\t\t\t<div class=\"elementor-post__meta-data\">\n\t\t\t\t\t<span class=\"elementor-post-date\">\n\t\t\tJuly 31, 2025\t\t<\/span>\n\t\t\t\t<span class=\"elementor-post-avatar\">\n\t\t\tNo Comments\t\t<\/span>\n\t\t\t\t<\/div>\n\t\t\t\t<div class=\"elementor-post__excerpt\">\n\t\t\t<p>Farmaliquidos SAS received from Invima the concept of compliance with Good Manufacturing Practices (GMP) for the manufacturing<\/p>\n\t\t<\/div>\n\t\t\t\t\t<div class=\"elementor-post__read-more-wrapper\">\n\t\t\n\t\t<a class=\"elementor-post__read-more\" href=\"https:\/\/farmaliquidos.com\/en\/recibimos-certificacion-gmpinternacional-por-nuestrasbuenas-practicas-de-manufactura\/\" aria-label=\"Read more about Recibimos certificaci\u00f3n Invima por Buenas Pr\u00e1cticas de Manufactura\" tabindex=\"-1\" >\n\t\t\tSee more\t\t<\/a>\n\n\t\t\t\t\t<\/div>\n\t\t\t\t<\/div>\n\t\t\t\t<\/article>\n\t\t\t\t<\/div>\n\t\t\n\t\t\t\t\t\t<\/div>\n\t\t\t\t<\/div>\n\t\t\t\t<\/div>\n\t\t<div data-particle_enable=\"false\" data-particle-mobile-disabled=\"false\" class=\"elementor-element elementor-element-5e9187a e-con-full e-flex e-con e-child\" data-id=\"5e9187a\" data-element_type=\"container\">\n\t\t<div data-particle_enable=\"false\" data-particle-mobile-disabled=\"false\" class=\"elementor-element elementor-element-979292c e-con-full e-flex e-con e-child\" data-id=\"979292c\" data-element_type=\"container\">\n\t\t\t\t<div class=\"elementor-element elementor-element-11bb657 elementor-widget elementor-widget-heading\" data-id=\"11bb657\" data-element_type=\"widget\" data-widget_type=\"heading.default\">\n\t\t\t\t\t<h2 class=\"elementor-heading-title elementor-size-default\">Search here<\/h2>\t\t\t\t<\/div>\n\t\t\t\t<div class=\"elementor-element elementor-element-976ade2 elementor-widget elementor-widget-search\" data-id=\"976ade2\" data-element_type=\"widget\" data-settings=\"{&quot;submit_trigger&quot;:&quot;key_enter&quot;,&quot;pagination_type_options&quot;:&quot;none&quot;}\" data-widget_type=\"search.default\">\n\t\t\t\t\t\t\t<search class=\"e-search hidden\" role=\"search\">\n\t\t\t<form class=\"e-search-form\" action=\"https:\/\/farmaliquidos.com\/en\/\" method=\"get\" data-trp-original-action=\"https:\/\/farmaliquidos.com\/en\">\n\n\t\t\t\t\n\t\t\t\t<label class=\"e-search-label\" for=\"search-976ade2\">\n\t\t\t\t\t<span class=\"elementor-screen-only\">\n\t\t\t\t\t\tSearch\t\t\t\t\t<\/span>\n\t\t\t\t\t<svg aria-hidden=\"true\" class=\"e-font-icon-svg e-fas-search\" viewbox=\"0 0 512 512\" xmlns=\"http:\/\/www.w3.org\/2000\/svg\"><path d=\"M505 442.7L405.3 343c-4.5-4.5-10.6-7-17-7H372c27.6-35.3 44-79.7 44-128C416 93.1 322.9 0 208 0S0 93.1 0 208s93.1 208 208 208c48.3 0 92.7-16.4 128-44v16.3c0 6.4 2.5 12.5 7 17l99.7 99.7c9.4 9.4 24.6 9.4 33.9 0l28.3-28.3c9.4-9.4 9.4-24.6.1-34zM208 336c-70.7 0-128-57.2-128-128 0-70.7 57.2-128 128-128 70.7 0 128 57.2 128 128 0 70.7-57.2 128-128 128z\"><\/path><\/svg>\t\t\t\t<\/label>\n\n\t\t\t\t<div class=\"e-search-input-wrapper\">\n\t\t\t\t\t<input id=\"search-976ade2\" placeholder=\"Search for news...\" class=\"e-search-input\" type=\"search\" name=\"s\" value=\"\" autocomplete=\"off\" role=\"combobox\" aria-autocomplete=\"list\" aria-expanded=\"false\" aria-controls=\"results-976ade2\" aria-haspopup=\"listbox\">\n\t\t\t\t\t<svg aria-hidden=\"true\" class=\"e-font-icon-svg e-fas-times\" viewbox=\"0 0 352 512\" xmlns=\"http:\/\/www.w3.org\/2000\/svg\"><path d=\"M242.72 256l100.07-100.07c12.28-12.28 12.28-32.19 0-44.48l-22.24-22.24c-12.28-12.28-32.19-12.28-44.48 0L176 189.28 75.93 89.21c-12.28-12.28-32.19-12.28-44.48 0L9.21 111.45c-12.28 12.28-12.28 32.19 0 44.48L109.28 256 9.21 356.07c-12.28 12.28-12.28 32.19 0 44.48l22.24 22.24c12.28 12.28 32.2 12.28 44.48 0L176 322.72l100.07 100.07c12.28 12.28 32.2 12.28 44.48 0l22.24-22.24c12.28-12.28 12.28-32.19 0-44.48L242.72 256z\"><\/path><\/svg>\t\t\t\t\t\t\t\t\t\t<output id=\"results-976ade2\" class=\"e-search-results-container hide-loader\" aria-live=\"polite\" aria-atomic=\"true\" aria-label=\"Results for search\" tabindex=\"0\">\n\t\t\t\t\t\t<div class=\"e-search-results\"><\/div>\n\t\t\t\t\t\t\t\t\t\t\t<\/output>\n\t\t\t\t\t\t\t\t\t<\/div>\n\t\t\t\t\n\t\t\t\t\n\t\t\t\t<button class=\"e-search-submit elementor-screen-only\" type=\"submit\" aria-label=\"Search\">\n\t\t\t\t\t\n\t\t\t\t\t\t\t\t\t<\/button>\n\t\t\t\t<input type=\"hidden\" name=\"e_search_props\" value=\"976ade2-614\">\n\t\t\t<input type=\"hidden\" name=\"trp-form-language\" value=\"en\"\/><\/form>\n\t\t<\/search>\n\t\t\t\t\t\t<\/div>\n\t\t\t\t<\/div>\n\t\t<div data-particle_enable=\"false\" data-particle-mobile-disabled=\"false\" class=\"elementor-element elementor-element-11f0152 e-con-full e-flex e-con e-child\" data-id=\"11f0152\" data-element_type=\"container\">\n\t\t\t\t<div class=\"elementor-element elementor-element-62fb86c elementor-widget elementor-widget-heading\" data-id=\"62fb86c\" data-element_type=\"widget\" data-widget_type=\"heading.default\">\n\t\t\t\t\t<h2 class=\"elementor-heading-title elementor-size-default\">Categories<\/h2>\t\t\t\t<\/div>\n\t\t\t\t<div class=\"elementor-element elementor-element-f36c8d9 elementor-widget elementor-widget-text-editor\" data-id=\"f36c8d9\" data-element_type=\"widget\" data-widget_type=\"text-editor.default\">\n\t\t\t\t\t<ul class=\"lista-categorias\">\t<li class=\"cat-item cat-item-29\"><a href=\"https:\/\/farmaliquidos.com\/en\/category\/ambiental\/\">Environmental<\/a>\n<\/li>\n\t<li class=\"cat-item cat-item-31\"><a href=\"https:\/\/farmaliquidos.com\/en\/category\/certificaciones\/\">Certifications<\/a>\n<\/li>\n\t<li class=\"cat-item cat-item-1\"><a href=\"https:\/\/farmaliquidos.com\/en\/category\/corporativo\/\">Corporate<\/a>\n<\/li>\n\t<li class=\"cat-item cat-item-30\"><a href=\"https:\/\/farmaliquidos.com\/en\/category\/innovacion\/\">Innovation<\/a>\n<\/li>\n<\/ul>\t\t\t\t\n\t\t\t\t\t\t\t\t<\/div>\n\t\t\t\t<\/div>\n\t\t<div data-particle_enable=\"false\" data-particle-mobile-disabled=\"false\" class=\"elementor-element elementor-element-6daab7d e-con-full e-flex e-con e-child\" data-id=\"6daab7d\" data-element_type=\"container\">\n\t\t\t\t<div class=\"elementor-element elementor-element-8d1980a elementor-widget elementor-widget-heading\" data-id=\"8d1980a\" data-element_type=\"widget\" data-widget_type=\"heading.default\">\n\t\t\t\t\t<h2 class=\"elementor-heading-title elementor-size-default\">Recent Posts<\/h2>\t\t\t\t<\/div>\n\t\t\t\t<div class=\"elementor-element elementor-element-2dc0592 elementor-widget elementor-widget-text-editor\" data-id=\"2dc0592\" data-element_type=\"widget\" data-widget_type=\"text-editor.default\">\n\t\t\t\t\t\t\t\t\t<ul class=\"widget-posts\"><li class=\"widget-post-item\"><div class=\"thumb\"><img loading=\"lazy\" decoding=\"async\" width=\"150\" height=\"150\" src=\"https:\/\/farmaliquidos.com\/wp-content\/uploads\/2025\/10\/DSF7268-150x150.jpg\" class=\"attachment-thumbnail size-thumbnail wp-post-image\" alt=\"\" srcset=\"https:\/\/farmaliquidos.com\/wp-content\/uploads\/2025\/10\/DSF7268-150x150.jpg 150w, https:\/\/farmaliquidos.com\/wp-content\/uploads\/2025\/10\/DSF7268-300x300.jpg 300w, https:\/\/farmaliquidos.com\/wp-content\/uploads\/2025\/10\/DSF7268-100x100.jpg 100w\" sizes=\"(max-width: 150px) 100vw, 150px\" \/><\/div><div class=\"post-info\"><div class=\"post-date\">October 1, 2025<\/div><a href=\"https:\/\/farmaliquidos.com\/en\/farmaliquidos-inicia-una-nueva-era-con-nueva-imagen-corporativa\/\" class=\"post-title\">Farmal\u00edquidos begins a new era with a new corporate image<\/a><\/div><\/li><li class=\"widget-post-item\"><div class=\"thumb\"><img loading=\"lazy\" decoding=\"async\" width=\"150\" height=\"150\" src=\"https:\/\/farmaliquidos.com\/wp-content\/uploads\/2025\/10\/Puntoazul-150x150.jpg\" class=\"attachment-thumbnail size-thumbnail wp-post-image\" alt=\"\" srcset=\"https:\/\/farmaliquidos.com\/wp-content\/uploads\/2025\/10\/Puntoazul-150x150.jpg 150w, https:\/\/farmaliquidos.com\/wp-content\/uploads\/2025\/10\/Puntoazul-300x300.jpg 300w, https:\/\/farmaliquidos.com\/wp-content\/uploads\/2025\/10\/Puntoazul-100x100.jpg 100w\" sizes=\"(max-width: 150px) 100vw, 150px\" \/><\/div><div class=\"post-info\"><div class=\"post-date\">October 1, 2025<\/div><a href=\"https:\/\/farmaliquidos.com\/en\/farmaliquidos-se-une-a-la-fundacion-punto-azul-para-la-gestion-responsable-de-residuos\/\" class=\"post-title\">Farmal\u00edquidos joins the Punto Azul Foundation for responsible waste management.<\/a><\/div><\/li><li class=\"widget-post-item\"><div class=\"thumb\"><img loading=\"lazy\" decoding=\"async\" width=\"150\" height=\"150\" src=\"https:\/\/farmaliquidos.com\/wp-content\/uploads\/2025\/07\/Certificacion-150x150.jpeg\" class=\"attachment-thumbnail size-thumbnail wp-post-image\" alt=\"\" srcset=\"https:\/\/farmaliquidos.com\/wp-content\/uploads\/2025\/07\/Certificacion-150x150.jpeg 150w, https:\/\/farmaliquidos.com\/wp-content\/uploads\/2025\/07\/Certificacion-300x300.jpeg 300w, https:\/\/farmaliquidos.com\/wp-content\/uploads\/2025\/07\/Certificacion-100x100.jpeg 100w\" sizes=\"(max-width: 150px) 100vw, 150px\" \/><\/div><div class=\"post-info\"><div class=\"post-date\">July 31, 2025<\/div><a href=\"https:\/\/farmaliquidos.com\/en\/recibimos-certificacion-gmpinternacional-por-nuestrasbuenas-practicas-de-manufactura\/\" class=\"post-title\">We received Invima certification for Good Manufacturing Practices<\/a><\/div><\/li><\/ul>\n\t\t\t\t\t\t\t\t<\/div>\n\t\t\t\t<\/div>\n\t\t\t\t<\/div>\n\t\t\t\t\t<\/div>\n\t\t\t\t<\/div>\n\t\t\t\t<\/div>","protected":false},"excerpt":{"rendered":"<p>Noticias Busca aqu\u00ed Search Categor\u00edas Publicaciones recientes<\/p>","protected":false},"author":1,"featured_media":0,"parent":0,"menu_order":0,"comment_status":"closed","ping_status":"closed","template":"","meta":{"footnotes":""},"class_list":["post-614","page","type-page","status-publish","hentry"],"_links":{"self":[{"href":"https:\/\/farmaliquidos.com\/en\/wp-json\/wp\/v2\/pages\/614","targetHints":{"allow":["GET"]}}],"collection":[{"href":"https:\/\/farmaliquidos.com\/en\/wp-json\/wp\/v2\/pages"}],"about":[{"href":"https:\/\/farmaliquidos.com\/en\/wp-json\/wp\/v2\/types\/page"}],"author":[{"embeddable":true,"href":"https:\/\/farmaliquidos.com\/en\/wp-json\/wp\/v2\/users\/1"}],"replies":[{"embeddable":true,"href":"https:\/\/farmaliquidos.com\/en\/wp-json\/wp\/v2\/comments?post=614"}],"version-history":[{"count":76,"href":"https:\/\/farmaliquidos.com\/en\/wp-json\/wp\/v2\/pages\/614\/revisions"}],"predecessor-version":[{"id":1520,"href":"https:\/\/farmaliquidos.com\/en\/wp-json\/wp\/v2\/pages\/614\/revisions\/1520"}],"wp:attachment":[{"href":"https:\/\/farmaliquidos.com\/en\/wp-json\/wp\/v2\/media?parent=614"}],"curies":[{"name":"wp","href":"https:\/\/api.w.org\/{rel}","templated":true}]}}