{"id":575,"date":"2025-07-30T23:10:59","date_gmt":"2025-07-30T23:10:59","guid":{"rendered":"https:\/\/farmaliquidos.com\/?page_id=575"},"modified":"2025-09-24T18:48:26","modified_gmt":"2025-09-24T18:48:26","slug":"sostenibilidad","status":"publish","type":"page","link":"https:\/\/farmaliquidos.com\/en\/sostenibilidad\/","title":{"rendered":"Sustainability"},"content":{"rendered":"<div data-elementor-type=\"wp-page\" data-elementor-id=\"575\" class=\"elementor elementor-575\" data-elementor-post-type=\"page\">\n\t\t\t\t<div data-particle_enable=\"false\" data-particle-mobile-disabled=\"false\" class=\"elementor-element elementor-element-6a80d63 e-flex e-con-boxed e-con e-parent\" data-id=\"6a80d63\" data-element_type=\"container\" data-settings=\"{&quot;background_background&quot;:&quot;classic&quot;}\">\n\t\t\t\t\t<div class=\"e-con-inner\">\n\t\t<div data-particle_enable=\"false\" data-particle-mobile-disabled=\"false\" class=\"elementor-element elementor-element-49cbcab e-con-full e-flex e-con e-child\" data-id=\"49cbcab\" data-element_type=\"container\">\n\t\t<div data-particle_enable=\"false\" data-particle-mobile-disabled=\"false\" class=\"elementor-element elementor-element-0a81009 e-con-full e-flex e-con e-child\" data-id=\"0a81009\" data-element_type=\"container\">\n\t\t\t\t<div class=\"elementor-element elementor-element-3c1828e elementor-widget elementor-widget-heading\" data-id=\"3c1828e\" data-element_type=\"widget\" data-widget_type=\"heading.default\">\n\t\t\t\t\t<h2 class=\"elementor-heading-title elementor-size-default\">Sustainability<\/h2>\t\t\t\t<\/div>\n\t\t\t\t<div class=\"elementor-element elementor-element-e9a0bb8 elementor-widget elementor-widget-text-editor\" data-id=\"e9a0bb8\" data-element_type=\"widget\" data-widget_type=\"text-editor.default\">\n\t\t\t\t\t\t\t\t\t<p class=\"text-xl md:text-2xl text-muted-foreground mb-8 max-w-2xl mx-auto leading-relaxed\" data-lov-id=\"src\/components\/SustainabilityHero.tsx:30:10\" data-lov-name=\"p\" data-component-path=\"src\/components\/SustainabilityHero.tsx\" data-component-line=\"30\" data-component-file=\"SustainabilityHero.tsx\" data-component-name=\"p\" data-component-content=\"%7B%22text%22%3A%22Cuidamos%20el%20planeta%2C%20las%20personas%20y%20los%20procesos.%22%2C%22className%22%3A%22text-xl%20md%3Atext-2xl%20text-muted-foreground%20mb-8%20max-w-2xl%20mx-auto%20leading-relaxed%22%7D\">Our commitment to the environment and society goes beyond production. We are building a sustainable future for future generations.<\/p>\t\t\t\t\t\t\t\t<\/div>\n\t\t\t\t<\/div>\n\t\t\t\t<\/div>\n\t\t\t\t\t<\/div>\n\t\t\t\t<\/div>\n\t\t<div data-particle_enable=\"false\" data-particle-mobile-disabled=\"false\" class=\"elementor-element elementor-element-8583cfb e-flex e-con-boxed e-con e-parent\" data-id=\"8583cfb\" data-element_type=\"container\">\n\t\t\t\t\t<div class=\"e-con-inner\">\n\t\t<div data-particle_enable=\"false\" data-particle-mobile-disabled=\"false\" class=\"elementor-element elementor-element-2b8fba0 e-con-full e-flex e-con e-child\" data-id=\"2b8fba0\" data-element_type=\"container\" data-settings=\"{&quot;background_background&quot;:&quot;classic&quot;}\">\n\t\t\t\t<div class=\"elementor-element elementor-element-2053d51 elementor-widget elementor-widget-heading\" data-id=\"2053d51\" data-element_type=\"widget\" data-widget_type=\"heading.default\">\n\t\t\t\t\t<h2 class=\"elementor-heading-title elementor-size-default\">Building a Sustainable Future<\/h2>\t\t\t\t<\/div>\n\t\t\t\t<div class=\"elementor-element elementor-element-22581e5 elementor-widget elementor-widget-text-editor\" data-id=\"22581e5\" data-element_type=\"widget\" data-widget_type=\"text-editor.default\">\n\t\t\t\t\t\t\t\t\t<p>Every decision we make considers its impact on the planet and society.<\/p>\t\t\t\t\t\t\t\t<\/div>\n\t\t\t\t<\/div>\n\t\t\t\t\t<\/div>\n\t\t\t\t<\/div>\n\t\t<div data-particle_enable=\"false\" data-particle-mobile-disabled=\"false\" class=\"elementor-element elementor-element-61c2ee9 e-flex e-con-boxed e-con e-parent\" data-id=\"61c2ee9\" data-element_type=\"container\">\n\t\t\t\t\t<div class=\"e-con-inner\">\n\t\t<div data-particle_enable=\"false\" data-particle-mobile-disabled=\"false\" class=\"elementor-element elementor-element-7fc7735 e-con-full e-flex e-con e-child\" data-id=\"7fc7735\" data-element_type=\"container\">\n\t\t\t\t<div class=\"elementor-element elementor-element-61fb4e4 elementor-widget elementor-widget-heading\" data-id=\"61fb4e4\" data-element_type=\"widget\" data-widget_type=\"heading.default\">\n\t\t\t\t\t<h2 class=\"elementor-heading-title elementor-size-default\">Our Initiatives<\/h2>\t\t\t\t<\/div>\n\t\t\t\t<div class=\"elementor-element elementor-element-b3399cc elementor-widget elementor-widget-text-editor\" data-id=\"b3399cc\" data-element_type=\"widget\" data-widget_type=\"text-editor.default\">\n\t\t\t\t\t\t\t\t\t<p>We develop concrete projects that generate a positive impact on the community and the environment.<\/p>\t\t\t\t\t\t\t\t<\/div>\n\t\t\t\t<\/div>\n\t\t<div data-particle_enable=\"false\" data-particle-mobile-disabled=\"false\" class=\"elementor-element elementor-element-c63a15c e-con-full e-flex e-con e-child\" data-id=\"c63a15c\" data-element_type=\"container\">\n\t\t<div data-particle_enable=\"false\" data-particle-mobile-disabled=\"false\" class=\"elementor-element elementor-element-737305e e-con-full e-flex e-con e-child\" data-id=\"737305e\" data-element_type=\"container\">\n\t\t<div data-particle_enable=\"false\" data-particle-mobile-disabled=\"false\" class=\"elementor-element elementor-element-4ed6e02 e-con-full e-flex e-con e-child\" data-id=\"4ed6e02\" data-element_type=\"container\">\n\t\t\t\t<div class=\"elementor-element elementor-element-abb0f1b elementor-view-stacked elementor-shape-rounded elementor-widget elementor-widget-icon\" data-id=\"abb0f1b\" data-element_type=\"widget\" data-widget_type=\"icon.default\">\n\t\t\t\t\t\t\t<div class=\"elementor-icon-wrapper\">\n\t\t\t<div class=\"elementor-icon\">\n\t\t\t<i aria-hidden=\"true\" class=\"icons icon-people\"><\/i>\t\t\t<\/div>\n\t\t<\/div>\n\t\t\t\t\t\t<\/div>\n\t\t\t\t<\/div>\n\t\t<div data-particle_enable=\"false\" data-particle-mobile-disabled=\"false\" class=\"elementor-element elementor-element-1b0c216 e-con-full e-flex e-con e-child\" data-id=\"1b0c216\" data-element_type=\"container\">\n\t\t\t\t<div class=\"elementor-element elementor-element-4da927c elementor-widget elementor-widget-heading\" data-id=\"4da927c\" data-element_type=\"widget\" data-widget_type=\"heading.default\">\n\t\t\t\t\t<h2 class=\"elementor-heading-title elementor-size-default\">Job Creation<\/h2>\t\t\t\t<\/div>\n\t\t\t\t<div class=\"elementor-element elementor-element-b85ae57 elementor-widget elementor-widget-text-editor\" data-id=\"b85ae57\" data-element_type=\"widget\" data-widget_type=\"text-editor.default\">\n\t\t\t\t\t\t\t\t\t<p>We create quality employment opportunities in the Caribbean region, contributing to local economic development with decent, well-paying jobs.<\/p>\t\t\t\t\t\t\t\t<\/div>\n\t\t\t\t<div class=\"elementor-element elementor-element-c4e98b0 elementor-widget elementor-widget-text-editor\" data-id=\"c4e98b0\" data-element_type=\"widget\" data-widget_type=\"text-editor.default\">\n\t\t\t\t\t\t\t\t\t<p>50+ direct jobs<\/p>\t\t\t\t\t\t\t\t<\/div>\n\t\t\t\t<\/div>\n\t\t\t\t<\/div>\n\t\t<div data-particle_enable=\"false\" data-particle-mobile-disabled=\"false\" class=\"elementor-element elementor-element-257a4e0 e-con-full e-flex e-con e-child\" data-id=\"257a4e0\" data-element_type=\"container\">\n\t\t<div data-particle_enable=\"false\" data-particle-mobile-disabled=\"false\" class=\"elementor-element elementor-element-1481863 e-con-full e-flex e-con e-child\" data-id=\"1481863\" data-element_type=\"container\">\n\t\t\t\t<div class=\"elementor-element elementor-element-04d0626 elementor-view-stacked elementor-shape-rounded elementor-widget elementor-widget-icon\" data-id=\"04d0626\" data-element_type=\"widget\" data-widget_type=\"icon.default\">\n\t\t\t\t\t\t\t<div class=\"elementor-icon-wrapper\">\n\t\t\t<div class=\"elementor-icon\">\n\t\t\t<i aria-hidden=\"true\" class=\"las la-leaf\"><\/i>\t\t\t<\/div>\n\t\t<\/div>\n\t\t\t\t\t\t<\/div>\n\t\t\t\t<\/div>\n\t\t<div data-particle_enable=\"false\" data-particle-mobile-disabled=\"false\" class=\"elementor-element elementor-element-69573ef e-con-full e-flex e-con e-child\" data-id=\"69573ef\" data-element_type=\"container\">\n\t\t\t\t<div class=\"elementor-element elementor-element-87417dd elementor-widget elementor-widget-heading\" data-id=\"87417dd\" data-element_type=\"widget\" data-widget_type=\"heading.default\">\n\t\t\t\t\t<h2 class=\"elementor-heading-title elementor-size-default\">Reduction of Environmental Impact<\/h2>\t\t\t\t<\/div>\n\t\t\t\t<div class=\"elementor-element elementor-element-10245df elementor-widget elementor-widget-text-editor\" data-id=\"10245df\" data-element_type=\"widget\" data-widget_type=\"text-editor.default\">\n\t\t\t\t\t\t\t\t\t<p>We implement responsible practices to minimize our ecological footprint, including efficient waste management and the use of clean energy.<\/p>\t\t\t\t\t\t\t\t<\/div>\n\t\t\t\t<div class=\"elementor-element elementor-element-5f01399 elementor-widget elementor-widget-text-editor\" data-id=\"5f01399\" data-element_type=\"widget\" data-widget_type=\"text-editor.default\">\n\t\t\t\t\t\t\t\t\t<p>30% waste reduction<\/p>\t\t\t\t\t\t\t\t<\/div>\n\t\t\t\t<\/div>\n\t\t\t\t<\/div>\n\t\t\t\t<\/div>\n\t\t<div data-particle_enable=\"false\" data-particle-mobile-disabled=\"false\" class=\"elementor-element elementor-element-15e6ba5 e-con-full e-flex e-con e-child\" data-id=\"15e6ba5\" data-element_type=\"container\">\n\t\t<div data-particle_enable=\"false\" data-particle-mobile-disabled=\"false\" class=\"elementor-element elementor-element-c25de36 e-con-full e-flex e-con e-child\" data-id=\"c25de36\" data-element_type=\"container\">\n\t\t<div data-particle_enable=\"false\" data-particle-mobile-disabled=\"false\" class=\"elementor-element elementor-element-05f567a e-con-full e-flex e-con e-child\" data-id=\"05f567a\" data-element_type=\"container\">\n\t\t\t\t<div class=\"elementor-element elementor-element-d2d7f42 elementor-view-stacked elementor-shape-rounded elementor-widget elementor-widget-icon\" data-id=\"d2d7f42\" data-element_type=\"widget\" data-widget_type=\"icon.default\">\n\t\t\t\t\t\t\t<div class=\"elementor-icon-wrapper\">\n\t\t\t<div class=\"elementor-icon\">\n\t\t\t<i aria-hidden=\"true\" class=\"mdi mdi-water-outline\"><\/i>\t\t\t<\/div>\n\t\t<\/div>\n\t\t\t\t\t\t<\/div>\n\t\t\t\t<\/div>\n\t\t<div data-particle_enable=\"false\" data-particle-mobile-disabled=\"false\" class=\"elementor-element elementor-element-d0abca0 e-con-full e-flex e-con e-child\" data-id=\"d0abca0\" data-element_type=\"container\">\n\t\t\t\t<div class=\"elementor-element elementor-element-45f3ac8 elementor-widget elementor-widget-heading\" data-id=\"45f3ac8\" data-element_type=\"widget\" data-widget_type=\"heading.default\">\n\t\t\t\t\t<h2 class=\"elementor-heading-title elementor-size-default\">Efficient Use of Resources<\/h2>\t\t\t\t<\/div>\n\t\t\t\t<div class=\"elementor-element elementor-element-2dd3777 elementor-widget elementor-widget-text-editor\" data-id=\"2dd3777\" data-element_type=\"widget\" data-widget_type=\"text-editor.default\">\n\t\t\t\t\t\t\t\t\t<p>We optimize water and energy consumption in our processes and constantly invest in more efficient and sustainable technologies.<\/p>\t\t\t\t\t\t\t\t<\/div>\n\t\t\t\t<div class=\"elementor-element elementor-element-3ab8b0a elementor-widget elementor-widget-text-editor\" data-id=\"3ab8b0a\" data-element_type=\"widget\" data-widget_type=\"text-editor.default\">\n\t\t\t\t\t\t\t\t\t<p>25% energy saving<\/p>\t\t\t\t\t\t\t\t<\/div>\n\t\t\t\t<\/div>\n\t\t\t\t<\/div>\n\t\t<div data-particle_enable=\"false\" data-particle-mobile-disabled=\"false\" class=\"elementor-element elementor-element-c16805a e-con-full e-flex e-con e-child\" data-id=\"c16805a\" data-element_type=\"container\">\n\t\t<div data-particle_enable=\"false\" data-particle-mobile-disabled=\"false\" class=\"elementor-element elementor-element-a9156aa e-con-full e-flex e-con e-child\" data-id=\"a9156aa\" data-element_type=\"container\">\n\t\t\t\t<div class=\"elementor-element elementor-element-3be25aa elementor-view-stacked elementor-shape-rounded elementor-widget elementor-widget-icon\" data-id=\"3be25aa\" data-element_type=\"widget\" data-widget_type=\"icon.default\">\n\t\t\t\t\t\t\t<div class=\"elementor-icon-wrapper\">\n\t\t\t<div class=\"elementor-icon\">\n\t\t\t<svg aria-hidden=\"true\" class=\"e-font-icon-svg e-far-building\" viewbox=\"0 0 448 512\" xmlns=\"http:\/\/www.w3.org\/2000\/svg\"><path d=\"M128 148v-40c0-6.6 5.4-12 12-12h40c6.6 0 12 5.4 12 12v40c0 6.6-5.4 12-12 12h-40c-6.6 0-12-5.4-12-12zm140 12h40c6.6 0 12-5.4 12-12v-40c0-6.6-5.4-12-12-12h-40c-6.6 0-12 5.4-12 12v40c0 6.6 5.4 12 12 12zm-128 96h40c6.6 0 12-5.4 12-12v-40c0-6.6-5.4-12-12-12h-40c-6.6 0-12 5.4-12 12v40c0 6.6 5.4 12 12 12zm128 0h40c6.6 0 12-5.4 12-12v-40c0-6.6-5.4-12-12-12h-40c-6.6 0-12 5.4-12 12v40c0 6.6 5.4 12 12 12zm-76 84v-40c0-6.6-5.4-12-12-12h-40c-6.6 0-12 5.4-12 12v40c0 6.6 5.4 12 12 12h40c6.6 0 12-5.4 12-12zm76 12h40c6.6 0 12-5.4 12-12v-40c0-6.6-5.4-12-12-12h-40c-6.6 0-12 5.4-12 12v40c0 6.6 5.4 12 12 12zm180 124v36H0v-36c0-6.6 5.4-12 12-12h19.5V24c0-13.3 10.7-24 24-24h337c13.3 0 24 10.7 24 24v440H436c6.6 0 12 5.4 12 12zM79.5 463H192v-67c0-6.6 5.4-12 12-12h40c6.6 0 12 5.4 12 12v67h112.5V49L80 48l-.5 415z\"><\/path><\/svg>\t\t\t<\/div>\n\t\t<\/div>\n\t\t\t\t\t\t<\/div>\n\t\t\t\t<\/div>\n\t\t<div data-particle_enable=\"false\" data-particle-mobile-disabled=\"false\" class=\"elementor-element elementor-element-9a3d4c1 e-con-full e-flex e-con e-child\" data-id=\"9a3d4c1\" data-element_type=\"container\">\n\t\t\t\t<div class=\"elementor-element elementor-element-c1da04c elementor-widget elementor-widget-heading\" data-id=\"c1da04c\" data-element_type=\"widget\" data-widget_type=\"heading.default\">\n\t\t\t\t\t<h2 class=\"elementor-heading-title elementor-size-default\">Innovation and Infrastructure<\/h2>\t\t\t\t<\/div>\n\t\t\t\t<div class=\"elementor-element elementor-element-396296c elementor-widget elementor-widget-text-editor\" data-id=\"396296c\" data-element_type=\"widget\" data-widget_type=\"text-editor.default\">\n\t\t\t\t\t\t\t\t\t<p>We invest in research and development of new technologies that improve both the quality of our products and sustainability.<\/p>\t\t\t\t\t\t\t\t<\/div>\n\t\t\t\t<div class=\"elementor-element elementor-element-eecc582 elementor-widget elementor-widget-text-editor\" data-id=\"eecc582\" data-element_type=\"widget\" data-widget_type=\"text-editor.default\">\n\t\t\t\t\t\t\t\t\t<p>15% of the R&amp;D budget<\/p>\t\t\t\t\t\t\t\t<\/div>\n\t\t\t\t<\/div>\n\t\t\t\t<\/div>\n\t\t\t\t<\/div>\n\t\t\t\t\t<\/div>\n\t\t\t\t<\/div>\n\t\t<div data-particle_enable=\"false\" data-particle-mobile-disabled=\"false\" class=\"elementor-element elementor-element-615ac7c e-flex e-con-boxed e-con e-parent\" data-id=\"615ac7c\" data-element_type=\"container\" data-settings=\"{&quot;background_background&quot;:&quot;classic&quot;}\">\n\t\t\t\t\t<div class=\"e-con-inner\">\n\t\t<div data-particle_enable=\"false\" data-particle-mobile-disabled=\"false\" class=\"elementor-element elementor-element-e37a3c1 e-con-full e-flex e-con e-child\" data-id=\"e37a3c1\" data-element_type=\"container\" data-settings=\"{&quot;background_background&quot;:&quot;classic&quot;}\">\n\t\t<div data-particle_enable=\"false\" data-particle-mobile-disabled=\"false\" class=\"elementor-element elementor-element-efe972e e-con-full e-flex e-con e-child\" data-id=\"efe972e\" data-element_type=\"container\">\n\t\t\t\t<div class=\"elementor-element elementor-element-ef2c776 elementor-widget elementor-widget-heading\" data-id=\"ef2c776\" data-element_type=\"widget\" data-widget_type=\"heading.default\">\n\t\t\t\t\t<h2 class=\"elementor-heading-title elementor-size-default\">Blue Point Foundation<\/h2>\t\t\t\t<\/div>\n\t\t\t\t<div class=\"elementor-element elementor-element-e2696af elementor-widget elementor-widget-text-editor\" data-id=\"e2696af\" data-element_type=\"widget\" data-widget_type=\"text-editor.default\">\n\t\t\t\t\t\t\t\t\t<p>Strategic Alliance<\/p>\t\t\t\t\t\t\t\t<\/div>\n\t\t\t\t<div class=\"elementor-element elementor-element-966a24c elementor-widget elementor-widget-text-editor\" data-id=\"966a24c\" data-element_type=\"widget\" data-widget_type=\"text-editor.default\">\n\t\t\t\t\t\t\t\t\t<p class=\"text-lg text-muted-foreground leading-relaxed mb-6\" data-lov-id=\"src\/pages\/Sustainability.tsx:135:16\" data-lov-name=\"p\" data-component-path=\"src\/pages\/Sustainability.tsx\" data-component-line=\"135\" data-component-file=\"Sustainability.tsx\" data-component-name=\"p\" data-component-content=\"%7B%22text%22%3A%22Somos%20parte%20de%20la%20Fundaci%C3%B3n%20Punto%20Azul%2C%20una%20iniciativa%20que%20promueve%20%5Cn%20%20%20%20%20%20%20%20%20%20%20%20%20%20%20%20%20%20la%20recolecci%C3%B3n%20y%20disposici%C3%B3n%20segura%20de%20residuos%20posconsumo%20del%20sector%20salud%2C%20%5Cn%20%20%20%20%20%20%20%20%20%20%20%20%20%20%20%20%20%20contribuyendo%20a%20la%20econom%C3%ADa%20circular%20y%20al%20cuidado%20del%20medio%20ambiente.%22%2C%22className%22%3A%22text-lg%20text-muted-foreground%20leading-relaxed%20mb-6%22%7D\">We are part of the Punto Azul Foundation, an initiative that promotes the collection and safe disposal of post-consumer waste from the healthcare sector, contributing to the circular economy and environmental protection.<\/p>\t\t\t\t\t\t\t\t<\/div>\n\t\t\t\t<div class=\"elementor-element elementor-element-45ffdc2 elementor-icon-list--layout-traditional elementor-list-item-link-full_width elementor-widget elementor-widget-icon-list\" data-id=\"45ffdc2\" data-element_type=\"widget\" data-widget_type=\"icon-list.default\">\n\t\t\t\t\t\t\t<ul class=\"elementor-icon-list-items\">\n\t\t\t\t\t\t\t<li class=\"elementor-icon-list-item\">\n\t\t\t\t\t\t\t\t\t\t\t<span class=\"elementor-icon-list-icon\">\n\t\t\t\t\t\t\t<svg aria-hidden=\"true\" class=\"e-font-icon-svg e-fas-check\" viewbox=\"0 0 512 512\" xmlns=\"http:\/\/www.w3.org\/2000\/svg\"><path d=\"M173.898 439.404l-166.4-166.4c-9.997-9.997-9.997-26.206 0-36.204l36.203-36.204c9.997-9.998 26.207-9.998 36.204 0L192 312.69 432.095 72.596c9.997-9.997 26.207-9.997 36.204 0l36.203 36.204c9.997 9.997 9.997 26.206 0 36.204l-294.4 294.401c-9.998 9.997-26.207 9.997-36.204-.001z\"><\/path><\/svg>\t\t\t\t\t\t<\/span>\n\t\t\t\t\t\t\t\t\t\t<span class=\"elementor-icon-list-text\"> Responsible management of pharmaceutical waste<\/span>\n\t\t\t\t\t\t\t\t\t<\/li>\n\t\t\t\t\t\t\t\t<li class=\"elementor-icon-list-item\">\n\t\t\t\t\t\t\t\t\t\t\t<span class=\"elementor-icon-list-icon\">\n\t\t\t\t\t\t\t<svg aria-hidden=\"true\" class=\"e-font-icon-svg e-fas-check\" viewbox=\"0 0 512 512\" xmlns=\"http:\/\/www.w3.org\/2000\/svg\"><path d=\"M173.898 439.404l-166.4-166.4c-9.997-9.997-9.997-26.206 0-36.204l36.203-36.204c9.997-9.998 26.207-9.998 36.204 0L192 312.69 432.095 72.596c9.997-9.997 26.207-9.997 36.204 0l36.203 36.204c9.997 9.997 9.997 26.206 0 36.204l-294.4 294.401c-9.998 9.997-26.207 9.997-36.204-.001z\"><\/path><\/svg>\t\t\t\t\t\t<\/span>\n\t\t\t\t\t\t\t\t\t\t<span class=\"elementor-icon-list-text\"> Promoting the circular economy<\/span>\n\t\t\t\t\t\t\t\t\t<\/li>\n\t\t\t\t\t\t\t\t<li class=\"elementor-icon-list-item\">\n\t\t\t\t\t\t\t\t\t\t\t<span class=\"elementor-icon-list-icon\">\n\t\t\t\t\t\t\t<svg aria-hidden=\"true\" class=\"e-font-icon-svg e-fas-check\" viewbox=\"0 0 512 512\" xmlns=\"http:\/\/www.w3.org\/2000\/svg\"><path d=\"M173.898 439.404l-166.4-166.4c-9.997-9.997-9.997-26.206 0-36.204l36.203-36.204c9.997-9.998 26.207-9.998 36.204 0L192 312.69 432.095 72.596c9.997-9.997 26.207-9.997 36.204 0l36.203 36.204c9.997 9.997 9.997 26.206 0 36.204l-294.4 294.401c-9.998 9.997-26.207 9.997-36.204-.001z\"><\/path><\/svg>\t\t\t\t\t\t<\/span>\n\t\t\t\t\t\t\t\t\t\t<span class=\"elementor-icon-list-text\">Environmental education in the health sector<\/span>\n\t\t\t\t\t\t\t\t\t<\/li>\n\t\t\t\t\t\t\t\t<li class=\"elementor-icon-list-item\">\n\t\t\t\t\t\t\t\t\t\t\t<span class=\"elementor-icon-list-icon\">\n\t\t\t\t\t\t\t<svg aria-hidden=\"true\" class=\"e-font-icon-svg e-fas-check\" viewbox=\"0 0 512 512\" xmlns=\"http:\/\/www.w3.org\/2000\/svg\"><path d=\"M173.898 439.404l-166.4-166.4c-9.997-9.997-9.997-26.206 0-36.204l36.203-36.204c9.997-9.998 26.207-9.998 36.204 0L192 312.69 432.095 72.596c9.997-9.997 26.207-9.997 36.204 0l36.203 36.204c9.997 9.997 9.997 26.206 0 36.204l-294.4 294.401c-9.998 9.997-26.207 9.997-36.204-.001z\"><\/path><\/svg>\t\t\t\t\t\t<\/span>\n\t\t\t\t\t\t\t\t\t\t<span class=\"elementor-icon-list-text\"> Compliance with environmental regulations<\/span>\n\t\t\t\t\t\t\t\t\t<\/li>\n\t\t\t\t\t\t<\/ul>\n\t\t\t\t\t\t<\/div>\n\t\t\t\t<div class=\"elementor-element elementor-element-d150a0c elementor-widget elementor-widget-button\" data-id=\"d150a0c\" data-element_type=\"widget\" data-widget_type=\"button.default\">\n\t\t\t\t\t\t\t\t\t\t<a class=\"elementor-button elementor-button-link elementor-size-sm\" href=\"https:\/\/puntoazul.com.co\/empresas-punto-azul\/\" target=\"_blank\">\n\t\t\t\t\t\t<span class=\"elementor-button-content-wrapper\">\n\t\t\t\t\t\t<span class=\"elementor-button-icon\">\n\t\t\t\t<svg aria-hidden=\"true\" class=\"e-font-icon-svg e-fas-angle-right\" viewbox=\"0 0 256 512\" xmlns=\"http:\/\/www.w3.org\/2000\/svg\"><path d=\"M224.3 273l-136 136c-9.4 9.4-24.6 9.4-33.9 0l-22.6-22.6c-9.4-9.4-9.4-24.6 0-33.9l96.4-96.4-96.4-96.4c-9.4-9.4-9.4-24.6 0-33.9L54.3 103c9.4-9.4 24.6-9.4 33.9 0l136 136c9.5 9.4 9.5 24.6.1 34z\"><\/path><\/svg>\t\t\t<\/span>\n\t\t\t\t\t\t\t\t\t<span class=\"elementor-button-text\">Learn more about the Blue Point Foundation<\/span>\n\t\t\t\t\t<\/span>\n\t\t\t\t\t<\/a>\n\t\t\t\t\t\t\t\t<\/div>\n\t\t\t\t<\/div>\n\t\t<div data-particle_enable=\"false\" data-particle-mobile-disabled=\"false\" class=\"elementor-element elementor-element-49d7540 e-con-full e-flex e-con e-child\" data-id=\"49d7540\" data-element_type=\"container\">\n\t\t\t\t<div class=\"elementor-element elementor-element-4de52ed elementor-widget elementor-widget-image\" data-id=\"4de52ed\" data-element_type=\"widget\" data-widget_type=\"image.default\">\n\t\t\t\t\t\t\t\t\t\t\t\t\t\t\t<img fetchpriority=\"high\" decoding=\"async\" width=\"800\" height=\"599\" src=\"https:\/\/farmaliquidos.com\/wp-content\/uploads\/2025\/09\/Punto-azul-1024x767.jpg\" class=\"attachment-large size-large wp-image-1294\" alt=\"\" srcset=\"https:\/\/farmaliquidos.com\/wp-content\/uploads\/2025\/09\/Punto-azul-1024x767.jpg 1024w, https:\/\/farmaliquidos.com\/wp-content\/uploads\/2025\/09\/Punto-azul-300x225.jpg 300w, https:\/\/farmaliquidos.com\/wp-content\/uploads\/2025\/09\/Punto-azul-768x575.jpg 768w, https:\/\/farmaliquidos.com\/wp-content\/uploads\/2025\/09\/Punto-azul-600x449.jpg 600w, https:\/\/farmaliquidos.com\/wp-content\/uploads\/2025\/09\/Punto-azul.jpg 1080w\" sizes=\"(max-width: 800px) 100vw, 800px\" \/>\t\t\t\t\t\t\t\t\t\t\t\t\t\t\t<\/div>\n\t\t\t\t<\/div>\n\t\t\t\t<\/div>\n\t\t\t\t\t<\/div>\n\t\t\t\t<\/div>\n\t\t\t\t<\/div>","protected":false},"excerpt":{"rendered":"<p>Sostenibilidad Nuestro compromiso con el medio ambiente y la sociedad va m\u00e1s all\u00e1 de la producci\u00f3n. Construimos un futuro sostenible para las pr\u00f3ximas generaciones. Construyendo un Futuro Sostenible Cada decisi\u00f3n que tomamos considera su impacto en el planeta y la sociedad Nuestras Iniciativas Desarrollamos proyectos concretos que generan un impacto positivo en la comunidad y [&hellip;]<\/p>","protected":false},"author":1,"featured_media":0,"parent":0,"menu_order":0,"comment_status":"closed","ping_status":"closed","template":"","meta":{"footnotes":""},"class_list":["post-575","page","type-page","status-publish","hentry"],"_links":{"self":[{"href":"https:\/\/farmaliquidos.com\/en\/wp-json\/wp\/v2\/pages\/575","targetHints":{"allow":["GET"]}}],"collection":[{"href":"https:\/\/farmaliquidos.com\/en\/wp-json\/wp\/v2\/pages"}],"about":[{"href":"https:\/\/farmaliquidos.com\/en\/wp-json\/wp\/v2\/types\/page"}],"author":[{"embeddable":true,"href":"https:\/\/farmaliquidos.com\/en\/wp-json\/wp\/v2\/users\/1"}],"replies":[{"embeddable":true,"href":"https:\/\/farmaliquidos.com\/en\/wp-json\/wp\/v2\/comments?post=575"}],"version-history":[{"count":73,"href":"https:\/\/farmaliquidos.com\/en\/wp-json\/wp\/v2\/pages\/575\/revisions"}],"predecessor-version":[{"id":1513,"href":"https:\/\/farmaliquidos.com\/en\/wp-json\/wp\/v2\/pages\/575\/revisions\/1513"}],"wp:attachment":[{"href":"https:\/\/farmaliquidos.com\/en\/wp-json\/wp\/v2\/media?parent=575"}],"curies":[{"name":"wp","href":"https:\/\/api.w.org\/{rel}","templated":true}]}}